{"id":1453,"date":"2023-11-16T12:09:36","date_gmt":"2023-11-16T12:09:36","guid":{"rendered":"https:\/\/webchamps.ro\/?page_id=1453"},"modified":"2023-11-16T16:09:25","modified_gmt":"2023-11-16T16:09:25","slug":"politica-de-cookies","status":"publish","type":"page","link":"https:\/\/webchamps.ro\/hu\/politica-de-cookies\/","title":{"rendered":"Cookies szab\u00e1lyzat"},"content":{"rendered":"<div data-elementor-type=\"wp-page\" data-elementor-id=\"1453\" class=\"elementor elementor-1453\">\n\t\t\t\t<div class=\"elementor-element elementor-element-550651c9 e-flex e-con-boxed e-con e-parent\" data-id=\"550651c9\" data-element_type=\"container\" data-e-type=\"container\" data-settings=\"{&quot;background_background&quot;:&quot;classic&quot;}\">\n\t\t\t\t\t<div class=\"e-con-inner\">\n\t\t\t\t<div class=\"elementor-element elementor-element-4cd994ab elementor-widget elementor-widget-text-editor\" data-id=\"4cd994ab\" data-element_type=\"widget\" data-e-type=\"widget\" data-widget_type=\"text-editor.default\">\n\t\t\t\t<div class=\"elementor-widget-container\">\n\t\t\t\t\t\t\t\t\t<p>Se lucreaz\u0103<\/p>\t\t\t\t\t\t\t\t<\/div>\n\t\t\t\t<\/div>\n\t\t\t\t<div class=\"elementor-element elementor-element-1e67854e elementor-widget elementor-widget-text-editor\" data-id=\"1e67854e\" data-element_type=\"widget\" data-e-type=\"widget\" data-widget_type=\"text-editor.default\">\n\t\t\t\t<div class=\"elementor-widget-container\">\n\t\t\t\t\t\t\t\t\t<p>Lucr\u0103m la aceast\u0103 sec\u021biune. V\u0103 rug\u0103m s\u0103 fi\u021bi la curent cu actualiz\u0103rile care vor veni \u00een cur\u00e2nd.<\/p><p>P\u00e2n\u0103 atunci pute\u021bi lua leg\u0103tura cu noi prin sec\u021biunea de contact, telefon, email, Whatsapp sau social media.<\/p><p>V\u0103 mul\u021bumim pentru r\u0103bdare!<\/p>\t\t\t\t\t\t\t\t<\/div>\n\t\t\t\t<\/div>\n\t\t\t\t<div class=\"elementor-element elementor-element-4a925cb0 elementor-shape-rounded elementor-grid-0 e-grid-align-center elementor-widget elementor-widget-social-icons\" data-id=\"4a925cb0\" data-element_type=\"widget\" data-e-type=\"widget\" data-widget_type=\"social-icons.default\">\n\t\t\t\t<div class=\"elementor-widget-container\">\n\t\t\t\t\t\t\t<div class=\"elementor-social-icons-wrapper elementor-grid\" role=\"list\">\n\t\t\t\t\t\t\t<span class=\"elementor-grid-item\" role=\"listitem\">\n\t\t\t\t\t<a class=\"elementor-icon elementor-social-icon elementor-social-icon-facebook elementor-repeater-item-0b91645\" href=\"https:\/\/www.facebook.com\/profile.php?id=61551709232897\" target=\"_blank\">\n\t\t\t\t\t\t<span class=\"elementor-screen-only\">Facebook<\/span>\n\t\t\t\t\t\t<i aria-hidden=\"true\" class=\"fab fa-facebook\"><\/i>\t\t\t\t\t<\/a>\n\t\t\t\t<\/span>\n\t\t\t\t\t\t\t<span class=\"elementor-grid-item\" role=\"listitem\">\n\t\t\t\t\t<a class=\"elementor-icon elementor-social-icon elementor-social-icon-instagram elementor-repeater-item-245537d\" href=\"https:\/\/www.instagram.com\/webchampsro\/\" target=\"_blank\">\n\t\t\t\t\t\t<span class=\"elementor-screen-only\">Instagram<\/span>\n\t\t\t\t\t\t<i aria-hidden=\"true\" class=\"fab fa-instagram\"><\/i>\t\t\t\t\t<\/a>\n\t\t\t\t<\/span>\n\t\t\t\t\t\t\t<span class=\"elementor-grid-item\" role=\"listitem\">\n\t\t\t\t\t<a class=\"elementor-icon elementor-social-icon elementor-social-icon-tiktok elementor-repeater-item-7ab2b57\" href=\"https:\/\/www.tiktok.com\/@webchampsro\" target=\"_blank\">\n\t\t\t\t\t\t<span class=\"elementor-screen-only\">Tiktok<\/span>\n\t\t\t\t\t\t<i aria-hidden=\"true\" class=\"fab fa-tiktok\"><\/i>\t\t\t\t\t<\/a>\n\t\t\t\t<\/span>\n\t\t\t\t\t<\/div>\n\t\t\t\t\t\t<\/div>\n\t\t\t\t<\/div>\n\t\t\t\t\t<\/div>\n\t\t\t\t<\/div>\n\t\t\t\t<\/div>","protected":false},"excerpt":{"rendered":"<p>Se lucreaz\u0103 Lucr\u0103m la aceast\u0103 sec\u021biune. V\u0103 rug\u0103m s\u0103 fi\u021bi la curent cu actualiz\u0103rile care vor veni \u00een cur\u00e2nd. P\u00e2n\u0103 atunci pute\u021bi lua leg\u0103tura cu noi prin sec\u021biunea de contact, telefon, email, Whatsapp sau social media. V\u0103 mul\u021bumim pentru r\u0103bdare! Facebook Instagram Tiktok<\/p>","protected":false},"author":1,"featured_media":0,"parent":0,"menu_order":0,"comment_status":"closed","ping_status":"closed","template":"elementor_theme","meta":{"ocean_post_layout":"full-screen","ocean_both_sidebars_style":"","ocean_both_sidebars_content_width":0,"ocean_both_sidebars_sidebars_width":0,"ocean_sidebar":"","ocean_second_sidebar":"","ocean_disable_margins":"enable","ocean_add_body_class":"","ocean_shortcode_before_top_bar":"","ocean_shortcode_after_top_bar":"","ocean_shortcode_before_header":"","ocean_shortcode_after_header":"","ocean_has_shortcode":"","ocean_shortcode_after_title":"","ocean_shortcode_before_footer_widgets":"","ocean_shortcode_after_footer_widgets":"","ocean_shortcode_before_footer_bottom":"","ocean_shortcode_after_footer_bottom":"","ocean_display_top_bar":"default","ocean_display_header":"default","ocean_header_style":"","ocean_center_header_left_menu":"","ocean_custom_header_template":"","ocean_custom_logo":0,"ocean_custom_retina_logo":0,"ocean_custom_logo_max_width":0,"ocean_custom_logo_tablet_max_width":0,"ocean_custom_logo_mobile_max_width":0,"ocean_custom_logo_max_height":0,"ocean_custom_logo_tablet_max_height":0,"ocean_custom_logo_mobile_max_height":0,"ocean_header_custom_menu":"","ocean_menu_typo_font_family":"","ocean_menu_typo_font_subset":"","ocean_menu_typo_font_size":0,"ocean_menu_typo_font_size_tablet":0,"ocean_menu_typo_font_size_mobile":0,"ocean_menu_typo_font_size_unit":"px","ocean_menu_typo_font_weight":"","ocean_menu_typo_font_weight_tablet":"","ocean_menu_typo_font_weight_mobile":"","ocean_menu_typo_transform":"","ocean_menu_typo_transform_tablet":"","ocean_menu_typo_transform_mobile":"","ocean_menu_typo_line_height":0,"ocean_menu_typo_line_height_tablet":0,"ocean_menu_typo_line_height_mobile":0,"ocean_menu_typo_line_height_unit":"","ocean_menu_typo_spacing":0,"ocean_menu_typo_spacing_tablet":0,"ocean_menu_typo_spacing_mobile":0,"ocean_menu_typo_spacing_unit":"","ocean_menu_link_color":"","ocean_menu_link_color_hover":"","ocean_menu_link_color_active":"","ocean_menu_link_background":"","ocean_menu_link_hover_background":"","ocean_menu_link_active_background":"","ocean_menu_social_links_bg":"","ocean_menu_social_hover_links_bg":"","ocean_menu_social_links_color":"","ocean_menu_social_hover_links_color":"","ocean_disable_title":"on","ocean_disable_heading":"default","ocean_post_title":"","ocean_post_subheading":"","ocean_post_title_style":"","ocean_post_title_background_color":"","ocean_post_title_background":0,"ocean_post_title_bg_image_position":"","ocean_post_title_bg_image_attachment":"","ocean_post_title_bg_image_repeat":"","ocean_post_title_bg_image_size":"","ocean_post_title_height":0,"ocean_post_title_bg_overlay":0.5,"ocean_post_title_bg_overlay_color":"","ocean_disable_breadcrumbs":"default","ocean_breadcrumbs_color":"","ocean_breadcrumbs_separator_color":"","ocean_breadcrumbs_links_color":"","ocean_breadcrumbs_links_hover_color":"","ocean_display_footer_widgets":"default","ocean_display_footer_bottom":"default","ocean_custom_footer_template":"","_joinchat":[],"footnotes":""},"class_list":["post-1453","page","type-page","status-publish","hentry","entry"],"yoast_head":"<!-- This site is optimized with the Yoast SEO plugin v27.3 - https:\/\/yoast.com\/product\/yoast-seo-wordpress\/ -->\n<title>Politica de cookies - WebChamps<\/title>\n<meta name=\"robots\" content=\"index, follow, max-snippet:-1, max-image-preview:large, max-video-preview:-1\" \/>\n<link rel=\"canonical\" href=\"https:\/\/webchamps.ro\/hu\/politica-de-cookies\/\" \/>\n<meta property=\"og:locale\" content=\"hu_HU\" \/>\n<meta property=\"og:type\" content=\"article\" \/>\n<meta property=\"og:title\" content=\"Politica de cookies - WebChamps\" \/>\n<meta property=\"og:description\" content=\"Se lucreaz\u0103 Lucr\u0103m la aceast\u0103 sec\u021biune. V\u0103 rug\u0103m s\u0103 fi\u021bi la curent cu actualiz\u0103rile care vor veni \u00een cur\u00e2nd. P\u00e2n\u0103 atunci pute\u021bi lua leg\u0103tura cu noi prin sec\u021biunea de contact, telefon, email, Whatsapp sau social media. V\u0103 mul\u021bumim pentru r\u0103bdare! Facebook Instagram Tiktok\" \/>\n<meta property=\"og:url\" content=\"https:\/\/webchamps.ro\/hu\/politica-de-cookies\/\" \/>\n<meta property=\"og:site_name\" content=\"WebChamps\" \/>\n<meta property=\"article:publisher\" content=\"https:\/\/www.facebook.com\/profile.php?id=61551709232897\" \/>\n<meta property=\"article:modified_time\" content=\"2023-11-16T16:09:25+00:00\" \/>\n<meta name=\"twitter:card\" content=\"summary_large_image\" \/>\n<script type=\"application\/ld+json\" class=\"yoast-schema-graph\">{\"@context\":\"https:\\\/\\\/schema.org\",\"@graph\":[{\"@type\":\"WebPage\",\"@id\":\"https:\\\/\\\/webchamps.ro\\\/politica-de-cookies\\\/\",\"url\":\"https:\\\/\\\/webchamps.ro\\\/politica-de-cookies\\\/\",\"name\":\"Politica de cookies - WebChamps\",\"isPartOf\":{\"@id\":\"https:\\\/\\\/webchamps.ro\\\/#website\"},\"datePublished\":\"2023-11-16T12:09:36+00:00\",\"dateModified\":\"2023-11-16T16:09:25+00:00\",\"breadcrumb\":{\"@id\":\"https:\\\/\\\/webchamps.ro\\\/politica-de-cookies\\\/#breadcrumb\"},\"inLanguage\":\"hu\",\"potentialAction\":[{\"@type\":\"ReadAction\",\"target\":[\"https:\\\/\\\/webchamps.ro\\\/politica-de-cookies\\\/\"]}]},{\"@type\":\"BreadcrumbList\",\"@id\":\"https:\\\/\\\/webchamps.ro\\\/politica-de-cookies\\\/#breadcrumb\",\"itemListElement\":[{\"@type\":\"ListItem\",\"position\":1,\"name\":\"Home\",\"item\":\"https:\\\/\\\/webchamps.ro\\\/\"},{\"@type\":\"ListItem\",\"position\":2,\"name\":\"Politica de cookies\"}]},{\"@type\":\"WebSite\",\"@id\":\"https:\\\/\\\/webchamps.ro\\\/#website\",\"url\":\"https:\\\/\\\/webchamps.ro\\\/\",\"name\":\"WebChamps\",\"description\":\"Hai s\u0103-\u021bi transform\u0103m ideile \u00eentr-o prezen\u021b\u0103 online captivant\u0103.\",\"publisher\":{\"@id\":\"https:\\\/\\\/webchamps.ro\\\/#organization\"},\"potentialAction\":[{\"@type\":\"SearchAction\",\"target\":{\"@type\":\"EntryPoint\",\"urlTemplate\":\"https:\\\/\\\/webchamps.ro\\\/?s={search_term_string}\"},\"query-input\":{\"@type\":\"PropertyValueSpecification\",\"valueRequired\":true,\"valueName\":\"search_term_string\"}}],\"inLanguage\":\"hu\"},{\"@type\":\"Organization\",\"@id\":\"https:\\\/\\\/webchamps.ro\\\/#organization\",\"name\":\"WebChamps\",\"url\":\"https:\\\/\\\/webchamps.ro\\\/\",\"logo\":{\"@type\":\"ImageObject\",\"inLanguage\":\"hu\",\"@id\":\"https:\\\/\\\/webchamps.ro\\\/#\\\/schema\\\/logo\\\/image\\\/\",\"url\":\"https:\\\/\\\/webchamps.ro\\\/wp-content\\\/uploads\\\/2023\\\/11\\\/site_icon_1.webp\",\"contentUrl\":\"https:\\\/\\\/webchamps.ro\\\/wp-content\\\/uploads\\\/2023\\\/11\\\/site_icon_1.webp\",\"width\":512,\"height\":512,\"caption\":\"WebChamps\"},\"image\":{\"@id\":\"https:\\\/\\\/webchamps.ro\\\/#\\\/schema\\\/logo\\\/image\\\/\"},\"sameAs\":[\"https:\\\/\\\/www.facebook.com\\\/profile.php?id=61551709232897\",\"https:\\\/\\\/www.instagram.com\\\/webchampsro\\\/\"]}]}<\/script>\n<!-- \/ Yoast SEO plugin. -->","yoast_head_json":{"title":"Politica de cookies - WebChamps","robots":{"index":"index","follow":"follow","max-snippet":"max-snippet:-1","max-image-preview":"max-image-preview:large","max-video-preview":"max-video-preview:-1"},"canonical":"https:\/\/webchamps.ro\/hu\/politica-de-cookies\/","og_locale":"hu_HU","og_type":"article","og_title":"Politica de cookies - WebChamps","og_description":"Se lucreaz\u0103 Lucr\u0103m la aceast\u0103 sec\u021biune. V\u0103 rug\u0103m s\u0103 fi\u021bi la curent cu actualiz\u0103rile care vor veni \u00een cur\u00e2nd. P\u00e2n\u0103 atunci pute\u021bi lua leg\u0103tura cu noi prin sec\u021biunea de contact, telefon, email, Whatsapp sau social media. V\u0103 mul\u021bumim pentru r\u0103bdare! Facebook Instagram Tiktok","og_url":"https:\/\/webchamps.ro\/hu\/politica-de-cookies\/","og_site_name":"WebChamps","article_publisher":"https:\/\/www.facebook.com\/profile.php?id=61551709232897","article_modified_time":"2023-11-16T16:09:25+00:00","twitter_card":"summary_large_image","schema":{"@context":"https:\/\/schema.org","@graph":[{"@type":"WebPage","@id":"https:\/\/webchamps.ro\/politica-de-cookies\/","url":"https:\/\/webchamps.ro\/politica-de-cookies\/","name":"Politica de cookies - WebChamps","isPartOf":{"@id":"https:\/\/webchamps.ro\/#website"},"datePublished":"2023-11-16T12:09:36+00:00","dateModified":"2023-11-16T16:09:25+00:00","breadcrumb":{"@id":"https:\/\/webchamps.ro\/politica-de-cookies\/#breadcrumb"},"inLanguage":"hu","potentialAction":[{"@type":"ReadAction","target":["https:\/\/webchamps.ro\/politica-de-cookies\/"]}]},{"@type":"BreadcrumbList","@id":"https:\/\/webchamps.ro\/politica-de-cookies\/#breadcrumb","itemListElement":[{"@type":"ListItem","position":1,"name":"Home","item":"https:\/\/webchamps.ro\/"},{"@type":"ListItem","position":2,"name":"Politica de cookies"}]},{"@type":"WebSite","@id":"https:\/\/webchamps.ro\/#website","url":"https:\/\/webchamps.ro\/","name":"WebChamps","description":"Hai s\u0103-\u021bi transform\u0103m ideile \u00eentr-o prezen\u021b\u0103 online captivant\u0103.","publisher":{"@id":"https:\/\/webchamps.ro\/#organization"},"potentialAction":[{"@type":"SearchAction","target":{"@type":"EntryPoint","urlTemplate":"https:\/\/webchamps.ro\/?s={search_term_string}"},"query-input":{"@type":"PropertyValueSpecification","valueRequired":true,"valueName":"search_term_string"}}],"inLanguage":"hu"},{"@type":"Organization","@id":"https:\/\/webchamps.ro\/#organization","name":"WebChamps","url":"https:\/\/webchamps.ro\/","logo":{"@type":"ImageObject","inLanguage":"hu","@id":"https:\/\/webchamps.ro\/#\/schema\/logo\/image\/","url":"https:\/\/webchamps.ro\/wp-content\/uploads\/2023\/11\/site_icon_1.webp","contentUrl":"https:\/\/webchamps.ro\/wp-content\/uploads\/2023\/11\/site_icon_1.webp","width":512,"height":512,"caption":"WebChamps"},"image":{"@id":"https:\/\/webchamps.ro\/#\/schema\/logo\/image\/"},"sameAs":["https:\/\/www.facebook.com\/profile.php?id=61551709232897","https:\/\/www.instagram.com\/webchampsro\/"]}]}},"_links":{"self":[{"href":"https:\/\/webchamps.ro\/hu\/wp-json\/wp\/v2\/pages\/1453","targetHints":{"allow":["GET"]}}],"collection":[{"href":"https:\/\/webchamps.ro\/hu\/wp-json\/wp\/v2\/pages"}],"about":[{"href":"https:\/\/webchamps.ro\/hu\/wp-json\/wp\/v2\/types\/page"}],"author":[{"embeddable":true,"href":"https:\/\/webchamps.ro\/hu\/wp-json\/wp\/v2\/users\/1"}],"replies":[{"embeddable":true,"href":"https:\/\/webchamps.ro\/hu\/wp-json\/wp\/v2\/comments?post=1453"}],"version-history":[{"count":58,"href":"https:\/\/webchamps.ro\/hu\/wp-json\/wp\/v2\/pages\/1453\/revisions"}],"predecessor-version":[{"id":1657,"href":"https:\/\/webchamps.ro\/hu\/wp-json\/wp\/v2\/pages\/1453\/revisions\/1657"}],"wp:attachment":[{"href":"https:\/\/webchamps.ro\/hu\/wp-json\/wp\/v2\/media?parent=1453"}],"curies":[{"name":"wp","href":"https:\/\/api.w.org\/{rel}","templated":true}]}}